{"id":7066,"date":"2022-06-07T17:13:53","date_gmt":"2022-06-07T15:13:53","guid":{"rendered":"https:\/\/www.lapth.cnrs.fr\/?page_id=7066"},"modified":"2022-06-07T17:15:36","modified_gmt":"2022-06-07T15:15:36","slug":"courses-at-usmb","status":"publish","type":"page","link":"https:\/\/www.lapth.cnrs.fr\/en\/courses-at-usmb\/","title":{"rendered":"Courses at USMB"},"content":{"rendered":"\t\t<div data-elementor-type=\"wp-page\" data-elementor-id=\"7066\" class=\"elementor elementor-7066\" data-elementor-post-type=\"page\">\n\t\t\t\t\t\t<section class=\"elementor-section elementor-top-section elementor-element elementor-element-9118221 elementor-section-full_width elementor-section-height-min-height elementor-section-height-default elementor-section-items-middle\" data-id=\"9118221\" data-element_type=\"section\" data-e-type=\"section\">\n\t\t\t\t\t\t<div class=\"elementor-container elementor-column-gap-default\">\n\t\t\t\t\t<div class=\"elementor-column elementor-col-50 elementor-top-column elementor-element elementor-element-20f8834 elementor-hidden-tablet elementor-hidden-phone\" data-id=\"20f8834\" data-element_type=\"column\" data-e-type=\"column\" data-settings=\"{&quot;background_background&quot;:&quot;classic&quot;}\">\n\t\t\t<div class=\"elementor-widget-wrap elementor-element-populated\">\n\t\t\t\t\t\t<div class=\"elementor-element elementor-element-437d99e elementor-widget elementor-widget-spacer\" data-id=\"437d99e\" data-element_type=\"widget\" data-e-type=\"widget\" data-widget_type=\"spacer.default\">\n\t\t\t\t\t\t\t<div class=\"elementor-spacer\">\n\t\t\t<div class=\"elementor-spacer-inner\"><\/div>\n\t\t<\/div>\n\t\t\t\t\t\t<\/div>\n\t\t\t\t\t<\/div>\n\t\t<\/div>\n\t\t\t\t<div class=\"elementor-column elementor-col-50 elementor-top-column elementor-element elementor-element-e6d1490\" data-id=\"e6d1490\" data-element_type=\"column\" data-e-type=\"column\">\n\t\t\t<div class=\"elementor-widget-wrap elementor-element-populated\">\n\t\t\t\t\t\t<section class=\"elementor-section elementor-inner-section elementor-element elementor-element-2235e90 elementor-section-boxed elementor-section-height-default elementor-section-height-default\" data-id=\"2235e90\" data-element_type=\"section\" data-e-type=\"section\">\n\t\t\t\t\t\t<div class=\"elementor-container elementor-column-gap-default\">\n\t\t\t\t\t<div class=\"elementor-column elementor-col-100 elementor-inner-column elementor-element elementor-element-38a9a9f\" data-id=\"38a9a9f\" data-element_type=\"column\" data-e-type=\"column\" data-settings=\"{&quot;background_background&quot;:&quot;classic&quot;}\">\n\t\t\t<div class=\"elementor-widget-wrap elementor-element-populated\">\n\t\t\t\t\t\t\t<\/div>\n\t\t<\/div>\n\t\t\t\t\t<\/div>\n\t\t<\/section>\n\t\t\t\t\t<\/div>\n\t\t<\/div>\n\t\t\t\t\t<\/div>\n\t\t<\/section>\n\t\t\t\t<section class=\"elementor-section elementor-top-section elementor-element elementor-element-41f669e0 elementor-section-boxed elementor-section-height-default elementor-section-height-default\" data-id=\"41f669e0\" data-element_type=\"section\" data-e-type=\"section\">\n\t\t\t\t\t\t<div class=\"elementor-container elementor-column-gap-default\">\n\t\t\t\t\t<div class=\"elementor-column elementor-col-50 elementor-top-column elementor-element elementor-element-66c9c527\" data-id=\"66c9c527\" data-element_type=\"column\" data-e-type=\"column\">\n\t\t\t<div class=\"elementor-widget-wrap elementor-element-populated\">\n\t\t\t\t\t\t<section class=\"elementor-section elementor-inner-section elementor-element elementor-element-6d546ac2 elementor-section-boxed elementor-section-height-default elementor-section-height-default\" data-id=\"6d546ac2\" data-element_type=\"section\" data-e-type=\"section\">\n\t\t\t\t\t\t<div class=\"elementor-container elementor-column-gap-default\">\n\t\t\t\t\t<div class=\"elementor-column elementor-col-100 elementor-inner-column elementor-element elementor-element-13ab52ca\" data-id=\"13ab52ca\" data-element_type=\"column\" data-e-type=\"column\">\n\t\t\t<div class=\"elementor-widget-wrap elementor-element-populated\">\n\t\t\t\t\t\t<div class=\"elementor-element elementor-element-e0f8f37 elementor-widget elementor-widget-image\" data-id=\"e0f8f37\" data-element_type=\"widget\" data-e-type=\"widget\" data-widget_type=\"image.default\">\n\t\t\t\t\t\t\t\t\t\t\t\t\t\t\t<img fetchpriority=\"high\" decoding=\"async\" width=\"640\" height=\"478\" src=\"https:\/\/www.lapth.cnrs.fr\/wp-content\/uploads\/2021\/11\/isa2011_patio.png\" class=\"attachment-full size-full wp-image-4793\" alt=\"\" srcset=\"https:\/\/www.lapth.cnrs.fr\/wp-content\/uploads\/2021\/11\/isa2011_patio.png 640w, https:\/\/www.lapth.cnrs.fr\/wp-content\/uploads\/2021\/11\/isa2011_patio-300x224.png 300w\" sizes=\"(max-width: 640px) 100vw, 640px\" \/>\t\t\t\t\t\t\t\t\t\t\t\t\t\t\t<\/div>\n\t\t\t\t\t<\/div>\n\t\t<\/div>\n\t\t\t\t\t<\/div>\n\t\t<\/section>\n\t\t\t\t\t<\/div>\n\t\t<\/div>\n\t\t\t\t<div class=\"elementor-column elementor-col-50 elementor-top-column elementor-element elementor-element-361f5df8\" data-id=\"361f5df8\" data-element_type=\"column\" data-e-type=\"column\">\n\t\t\t<div class=\"elementor-widget-wrap elementor-element-populated\">\n\t\t\t\t\t\t\t<\/div>\n\t\t<\/div>\n\t\t\t\t\t<\/div>\n\t\t<\/section>\n\t\t\t\t<section class=\"elementor-section elementor-top-section elementor-element elementor-element-36c810e1 elementor-section-boxed elementor-section-height-default elementor-section-height-default\" data-id=\"36c810e1\" data-element_type=\"section\" data-e-type=\"section\">\n\t\t\t\t\t\t<div class=\"elementor-container elementor-column-gap-default\">\n\t\t\t\t\t<div class=\"elementor-column elementor-col-100 elementor-top-column elementor-element elementor-element-33c5aa18\" data-id=\"33c5aa18\" data-element_type=\"column\" data-e-type=\"column\">\n\t\t\t<div class=\"elementor-widget-wrap elementor-element-populated\">\n\t\t\t\t\t\t<div class=\"elementor-element elementor-element-185d7546 elementor-widget elementor-widget-heading\" data-id=\"185d7546\" data-element_type=\"widget\" data-e-type=\"widget\" data-widget_type=\"heading.default\">\n\t\t\t\t\t<h2 class=\"elementor-heading-title elementor-size-default\">Education<\/h2>\t\t\t\t<\/div>\n\t\t\t\t<div class=\"elementor-element elementor-element-459ae19c elementor-widget elementor-widget-text-editor\" data-id=\"459ae19c\" data-element_type=\"widget\" data-e-type=\"widget\" data-widget_type=\"text-editor.default\">\n\t\t\t\t\t\t\t\t\t<p>The LAPTh, Joint Research Unit CNRS-University of Savoie Mont Blanc is attached to the UFR Sciences et Montagne.<\/p><p id=\"tw-target-text\" class=\"tw-data-text tw-text-large tw-ta\" dir=\"ltr\" data-placeholder=\"Traduction\"><span class=\"Y2IQFc\" lang=\"en\">In close collaboration with their colleagues from the LAPP, the faculty staff of LAPTh provide teaching at the three university levels (Bachelor, Master, Doctorate) as well as at the IUT of Annecy and at the Ecole d&#8217;Ing\u00e9nieurs Polytech&#8217;. Annecy-Chambery.<\/span><\/p><ul class=\"spip\"><li><strong>IUT d\u2019Annecy<\/strong> <br \/>Un enseignant-chercheur du LAPTh et quelques personnels CNRS enseignent dans le d\u00e9partement de Mesures Physiques de l\u2019<a class=\"spip_out\" href=\"https:\/\/www.iut-acy.univ-smb.fr\/\" target=\"_blank\" rel=\"external noopener\">IUT d\u2019Annecy<\/a><\/li><\/ul><ul class=\"spip\"><li><strong>Ecole d\u2019ing\u00e9nieurs Polytech\u2019 Annecy-Chamb\u00e9ry<\/strong> <br \/><del>Les enseignants chercheurs du LAPP dispensent des enseignements dans les fili\u00e8res \u00ab Instrumentation, Automatique, Informatique \u00bb et \u00ab M\u00e9canique et Mat\u00e9riaux \u00bb de <a class=\"spip_out\" href=\"http:\/\/www.polytech.univ-savoie.fr\/\" rel=\"external\">Polytech \u2019Annecy<\/a> et plusieurs techniciens et ing\u00e9nieurs assurent des cours dans les autres fili\u00e8res de cette \u00e9cole d\u2019ing\u00e9nieurs.<\/del> Ils participent \u00e9galement aux enseignements du cycle pr\u00e9paratoire PeiP (Pr\u00e9paration aux \u00e9coles d\u2019ing\u00e9nieurs Polytech)<\/li><\/ul><ul class=\"spip\"><li><strong>Licence<\/strong> <br \/>Les enseignants chercheurs du LAPTh et leurs coll\u00e8gues du LAPP assurent les enseignements de base de Physique de la <a class=\"spip_out\" href=\"https:\/\/formations.univ-smb.fr\/fr\/catalogue\/licence-XA\/sciences-technologies-sante-STS.html\" target=\"_blank\" rel=\"external noopener\">licence &#8220;Sciences, technologie, Sant\u00e9&#8221;<\/a>, en particulier de la mention <a class=\"spip_out\" href=\"https:\/\/formations.univ-smb.fr\/fr\/catalogue\/licence-XA\/sciences-technologies-sante-STS\/licence-physique-chimie-KGXYLZSG.html\" target=\"_blank\" rel=\"external noopener\">Physique-Chimie<\/a> qui comporte en 3\u00e8me ann\u00e9e, un parcours Physique et un parcours Sciences Physiques.<\/li><\/ul><ul class=\"spip\"><li><strong>Master<\/strong><br \/><ul class=\"spip\"><li><a class=\"spip_out\" href=\"https:\/\/formations.univ-smb.fr\/fr\/catalogue\/master-XB\/domaine-transverse-TRSV\/master-metiers-de-l-enseignement-de-l-education-et-de-la-formation-meef-2e-degre-IHYIIK90.html\" target=\"_blank\" rel=\"external noopener\"><strong>Master MEEF<\/strong><\/a>, 2\u00e8me degr\u00e9 (M\u00e9tiers de l\u2019Enseignement, de l\u2019Education et de la Formation) <br \/>Les enseignants-chercheurs du LAPP et du LAPTh enseignent dans le parcours \u00ab Sciences Physiques et Chimiques \u00bb de ce master conduisant \u00e0 la pr\u00e9paration du CAPES de Sciences Physiques.<\/li><li><strong>Master Recherche, mention Physique<\/strong> <br \/>La mention Physique du <a class=\"spip_out\" href=\"http:\/\/formations.univ-grenoble-alpes.fr\/fr\/catalogue\/master-XB\/sciences-technologies-sante-STS\/master-physique-program-master-physique.html\" rel=\"external\">Master Recherche<\/a> (M1 et M2) est co-accr\u00e9dit\u00e9e entre l\u2019universit\u00e9 Grenoble Alpes, l\u2019Institut National Polytechnique de Grenoble et l\u2019universit\u00e9 Savoie Mont Blanc. Les enseignants chercheurs du LAPTh contribuent aux enseignements de la sp\u00e9cialit\u00e9 \u00ab Physique Subatomique et Cosmologie \u00bb du M2 Recherche qui est sp\u00e9cifiquement dans les th\u00e9matiques de recherche du laboratoire.<\/li><\/ul><\/li><\/ul><ul class=\"spip\"><li><strong>Toujours au niveau Master et dans ces th\u00e9matiques, il convient \u00e9galement de mentionner :<\/strong><br \/><ul class=\"spip\"><li><a class=\"spip_out\" href=\"https:\/\/indico.in2p3.fr\/event\/26368\/\" target=\"_blank\" rel=\"external noopener\"><strong>GraSPA<\/strong><\/a> (Graduate School in Particle and Astroparticle physics) <br \/>Cette \u00e9cole, organis\u00e9e chaque ann\u00e9e par le LAPP et le LAPTh en juillet, a pour but de donner \u00e0 des \u00e9tudiants de 3\u00e8me ann\u00e9e de licence ou de 1\u00e8re ann\u00e9e de Master une introduction \u00e0 la physique des particules et des astroparticules et de pr\u00e9senter \u00e9galement les derniers r\u00e9sultats du domaine. Une trentaine d\u2019\u00e9tudiants issus de diverses universit\u00e9s europ\u00e9ennes suivent pendant une semaine une s\u00e9rie de cours (en anglais) portant sur les aspects th\u00e9oriques et exp\u00e9rimentaux de la Physique au LHC, des neutrinos, de la physique des saveurs et des astroparticules (mati\u00e8re noire, rayons cosmiques, ondes gravitationnelles). Cette \u00e9cole connait un vif succ\u00e8s chez les \u00e9tudiants en physique europ\u00e9ens.<\/li><\/ul><\/li><\/ul>\t\t\t\t\t\t\t\t<\/div>\n\t\t\t\t\t<\/div>\n\t\t<\/div>\n\t\t\t\t\t<\/div>\n\t\t<\/section>\n\t\t\t\t<\/div>\n\t\t","protected":false},"excerpt":{"rendered":"<p>Education The LAPTh, Joint Research Unit CNRS-University of Savoie Mont Blanc is attached to the UFR Sciences et Montagne. In close collaboration with their colleagues from the LAPP, the faculty [&hellip;]<\/p>\n","protected":false},"author":3,"featured_media":0,"parent":0,"menu_order":0,"comment_status":"closed","ping_status":"closed","template":"","meta":{"_acf_changed":false,"footnotes":""},"class_list":["post-7066","page","type-page","status-publish","hentry"],"acf":[],"_links":{"self":[{"href":"https:\/\/www.lapth.cnrs.fr\/en\/wp-json\/wp\/v2\/pages\/7066","targetHints":{"allow":["GET"]}}],"collection":[{"href":"https:\/\/www.lapth.cnrs.fr\/en\/wp-json\/wp\/v2\/pages"}],"about":[{"href":"https:\/\/www.lapth.cnrs.fr\/en\/wp-json\/wp\/v2\/types\/page"}],"author":[{"embeddable":true,"href":"https:\/\/www.lapth.cnrs.fr\/en\/wp-json\/wp\/v2\/users\/3"}],"replies":[{"embeddable":true,"href":"https:\/\/www.lapth.cnrs.fr\/en\/wp-json\/wp\/v2\/comments?post=7066"}],"version-history":[{"count":0,"href":"https:\/\/www.lapth.cnrs.fr\/en\/wp-json\/wp\/v2\/pages\/7066\/revisions"}],"wp:attachment":[{"href":"https:\/\/www.lapth.cnrs.fr\/en\/wp-json\/wp\/v2\/media?parent=7066"}],"curies":[{"name":"wp","href":"https:\/\/api.w.org\/{rel}","templated":true}]}}