{"id":4229,"date":"2021-11-05T15:53:18","date_gmt":"2021-11-05T14:53:18","guid":{"rendered":"https:\/\/www.lapth.cnrs.fr\/?page_id=4229"},"modified":"2023-04-07T17:54:10","modified_gmt":"2023-04-07T15:54:10","slug":"sites-de-vulgarisation","status":"publish","type":"page","link":"https:\/\/www.lapth.cnrs.fr\/en\/sites-de-vulgarisation\/","title":{"rendered":"Sites de vulgarisation"},"content":{"rendered":"\t\t<div data-elementor-type=\"wp-page\" data-elementor-id=\"4229\" class=\"elementor elementor-4229\" data-elementor-post-type=\"page\">\n\t\t\t\t\t\t<section class=\"elementor-section elementor-top-section elementor-element elementor-element-0b4ceac elementor-section-full_width elementor-section-height-min-height elementor-section-height-default elementor-section-items-middle\" data-id=\"0b4ceac\" data-element_type=\"section\" data-e-type=\"section\">\n\t\t\t\t\t\t<div class=\"elementor-container elementor-column-gap-default\">\n\t\t\t\t\t<div class=\"elementor-column elementor-col-50 elementor-top-column elementor-element elementor-element-32eb757 elementor-hidden-tablet elementor-hidden-phone\" data-id=\"32eb757\" data-element_type=\"column\" data-e-type=\"column\" data-settings=\"{&quot;background_background&quot;:&quot;classic&quot;}\">\n\t\t\t<div class=\"elementor-widget-wrap elementor-element-populated\">\n\t\t\t\t\t\t<div class=\"elementor-element elementor-element-7223ba9 elementor-widget elementor-widget-spacer\" data-id=\"7223ba9\" data-element_type=\"widget\" data-e-type=\"widget\" data-widget_type=\"spacer.default\">\n\t\t\t\t\t\t\t<div class=\"elementor-spacer\">\n\t\t\t<div class=\"elementor-spacer-inner\"><\/div>\n\t\t<\/div>\n\t\t\t\t\t\t<\/div>\n\t\t\t\t\t<\/div>\n\t\t<\/div>\n\t\t\t\t<div class=\"elementor-column elementor-col-50 elementor-top-column elementor-element elementor-element-47960e0\" data-id=\"47960e0\" data-element_type=\"column\" data-e-type=\"column\">\n\t\t\t<div class=\"elementor-widget-wrap elementor-element-populated\">\n\t\t\t\t\t\t<section class=\"elementor-section elementor-inner-section elementor-element elementor-element-9a82235 elementor-section-boxed elementor-section-height-default elementor-section-height-default\" data-id=\"9a82235\" data-element_type=\"section\" data-e-type=\"section\">\n\t\t\t\t\t\t<div class=\"elementor-container elementor-column-gap-default\">\n\t\t\t\t\t<div class=\"elementor-column elementor-col-100 elementor-inner-column elementor-element elementor-element-d271541\" data-id=\"d271541\" data-element_type=\"column\" data-e-type=\"column\" data-settings=\"{&quot;background_background&quot;:&quot;classic&quot;}\">\n\t\t\t<div class=\"elementor-widget-wrap elementor-element-populated\">\n\t\t\t\t\t\t\t<\/div>\n\t\t<\/div>\n\t\t\t\t\t<\/div>\n\t\t<\/section>\n\t\t\t\t\t<\/div>\n\t\t<\/div>\n\t\t\t\t\t<\/div>\n\t\t<\/section>\n\t\t\t\t<section class=\"elementor-section elementor-top-section elementor-element elementor-element-4e00373c elementor-section-boxed elementor-section-height-default elementor-section-height-default\" data-id=\"4e00373c\" data-element_type=\"section\" data-e-type=\"section\">\n\t\t\t\t\t\t<div class=\"elementor-container elementor-column-gap-default\">\n\t\t\t\t\t<div class=\"elementor-column elementor-col-100 elementor-top-column elementor-element elementor-element-5f934056\" data-id=\"5f934056\" data-element_type=\"column\" data-e-type=\"column\">\n\t\t\t<div class=\"elementor-widget-wrap elementor-element-populated\">\n\t\t\t\t\t\t<div class=\"elementor-element elementor-element-00e7b7f elementor-widget elementor-widget-text-editor\" data-id=\"00e7b7f\" data-element_type=\"widget\" data-e-type=\"widget\" data-widget_type=\"text-editor.default\">\n\t\t\t\t\t\t\t\t\t<p><a href=\"https:\/\/particleadventure.org\/index.html\" target=\"_blank\" rel=\"noopener\">Particle Adventure\u00a0<\/a><\/p><p>En anglais. Une foule d&#8217;informations et jeux sur le mod\u00e8le standard, le LHC et la physique des particules en g\u00e9n\u00e9ral<\/p><p><a class=\"category\" href=\"https:\/\/cpep.lal.in2p3.fr\/adventure.html\" target=\"_blank\" rel=\"noopener\">L&#8217;aventure des particules<\/a> <br \/>La version fran\u00e7aise de \u00ab The Particle Adventure \u00bb<\/p><p><a class=\"category\" href=\"https:\/\/www.sciencemuseum.org.uk\/see-and-do\/tomorrows-world\" target=\"_blank\" rel=\"noopener\">Science Museum, London<\/a> <br \/>Tout ce que vous avez voulu savoir sur les acc\u00e9l\u00e9rateurs, l&#8217;univers. Ne ratez pas le jeu: trouver le Higgs (Play: Hunt for Higgs)<\/p><p><a class=\"category\" href=\"https:\/\/www.cnrs.fr\/cw\/dossiers\/dosbig\/decouv\/decouv.htm\" target=\"_blank\" rel=\"noopener\">Big Bang et myst\u00e8res<\/a> <br \/>Site Sagascience du CNRS. Le Big bang. En fran\u00e7ais. Il faut tout de m\u00eame avoir un certain bagage scientifique<\/p><p><a class=\"category\" href=\"https:\/\/home.web.cern.ch\/fr\/science\/physics\" target=\"_blank\" rel=\"noopener\">CERN<\/a> <br \/>L&#8217;explication de concepts cl\u00e9s en physique des particules et en astrophysique, propos\u00e9e par le CERN<\/p>\t\t\t\t\t\t\t\t<\/div>\n\t\t\t\t\t<\/div>\n\t\t<\/div>\n\t\t\t\t\t<\/div>\n\t\t<\/section>\n\t\t\t\t<\/div>\n\t\t","protected":false},"excerpt":{"rendered":"<p>Particle Adventure\u00a0 En anglais. Une foule d&#8217;informations et jeux sur le mod\u00e8le standard, le LHC et la physique des particules en g\u00e9n\u00e9ral L&#8217;aventure des particules La version fran\u00e7aise de \u00ab [&hellip;]<\/p>\n","protected":false},"author":1,"featured_media":0,"parent":0,"menu_order":0,"comment_status":"closed","ping_status":"closed","template":"","meta":{"_acf_changed":false,"footnotes":""},"class_list":["post-4229","page","type-page","status-publish","hentry"],"acf":[],"_links":{"self":[{"href":"https:\/\/www.lapth.cnrs.fr\/en\/wp-json\/wp\/v2\/pages\/4229","targetHints":{"allow":["GET"]}}],"collection":[{"href":"https:\/\/www.lapth.cnrs.fr\/en\/wp-json\/wp\/v2\/pages"}],"about":[{"href":"https:\/\/www.lapth.cnrs.fr\/en\/wp-json\/wp\/v2\/types\/page"}],"author":[{"embeddable":true,"href":"https:\/\/www.lapth.cnrs.fr\/en\/wp-json\/wp\/v2\/users\/1"}],"replies":[{"embeddable":true,"href":"https:\/\/www.lapth.cnrs.fr\/en\/wp-json\/wp\/v2\/comments?post=4229"}],"version-history":[{"count":0,"href":"https:\/\/www.lapth.cnrs.fr\/en\/wp-json\/wp\/v2\/pages\/4229\/revisions"}],"wp:attachment":[{"href":"https:\/\/www.lapth.cnrs.fr\/en\/wp-json\/wp\/v2\/media?parent=4229"}],"curies":[{"name":"wp","href":"https:\/\/api.w.org\/{rel}","templated":true}]}}