{"id":32,"date":"2021-08-09T15:12:32","date_gmt":"2021-08-09T13:12:32","guid":{"rendered":"https:\/\/www.lapth.cnrs.fr\/?page_id=32"},"modified":"2026-03-20T11:23:00","modified_gmt":"2026-03-20T10:23:00","slug":"mentions-legales","status":"publish","type":"page","link":"https:\/\/www.lapth.cnrs.fr\/en\/mentions-legales\/","title":{"rendered":"Mentions l\u00e9gales"},"content":{"rendered":"\t\t<div data-elementor-type=\"wp-page\" data-elementor-id=\"32\" class=\"elementor elementor-32\" data-elementor-post-type=\"page\">\n\t\t\t\t\t\t<section class=\"elementor-section elementor-top-section elementor-element elementor-element-6319d73 elementor-section-boxed elementor-section-height-default elementor-section-height-default\" data-id=\"6319d73\" data-element_type=\"section\" data-e-type=\"section\">\n\t\t\t\t\t\t<div class=\"elementor-container elementor-column-gap-default\">\n\t\t\t\t\t<div class=\"elementor-column elementor-col-100 elementor-top-column elementor-element elementor-element-20cf838\" data-id=\"20cf838\" data-element_type=\"column\" data-e-type=\"column\">\n\t\t\t<div class=\"elementor-widget-wrap elementor-element-populated\">\n\t\t\t\t\t\t<div class=\"elementor-element elementor-element-65c0bda elementor-widget elementor-widget-heading\" data-id=\"65c0bda\" data-element_type=\"widget\" data-e-type=\"widget\" data-widget_type=\"heading.default\">\n\t\t\t\t\t<h2 class=\"elementor-heading-title elementor-size-default\">Mentions l\u00e9gales et cr\u00e9dits<\/h2>\t\t\t\t<\/div>\n\t\t\t\t\t<\/div>\n\t\t<\/div>\n\t\t\t\t\t<\/div>\n\t\t<\/section>\n\t\t\t\t<section class=\"elementor-section elementor-top-section elementor-element elementor-element-05adb3f elementor-section-boxed elementor-section-height-default elementor-section-height-default\" data-id=\"05adb3f\" data-element_type=\"section\" data-e-type=\"section\">\n\t\t\t\t\t\t<div class=\"elementor-container elementor-column-gap-default\">\n\t\t\t\t\t<div class=\"elementor-column elementor-col-100 elementor-top-column elementor-element elementor-element-d48d2b0\" data-id=\"d48d2b0\" data-element_type=\"column\" data-e-type=\"column\">\n\t\t\t<div class=\"elementor-widget-wrap elementor-element-populated\">\n\t\t\t\t\t\t<div class=\"elementor-element elementor-element-3c23f08 elementor-widget elementor-widget-text-editor\" data-id=\"3c23f08\" data-element_type=\"widget\" data-e-type=\"widget\" data-widget_type=\"text-editor.default\">\n\t\t\t\t\t\t\t\t\t<h3>Informations l\u00e9gales<\/h3><h4>LAPTh &#8211; Laboratoire d&#8217;Annecy de Physique Th\u00e9orique<\/h4><p>9, Chemin de Bellevue<br \/>BP 110<br \/>F-74941 ANNECY Cedex<br \/>FRANCE<\/p><p>T\u00e9l\u00e9phone : +33 (0)4 50 09 16 84<\/p><p>TVA : FR40180089013 &#8211; SIRET : 180089013 04298<\/p><h4>CNRS &#8211; Centre National de la Recherche Scientifique<\/h4><p>3, rue Michel-Ange <br \/>75794 Paris cedex 16<br \/>FRANCE<\/p><p>T\u00e9l\u00e9phone : +33 1 44 96 40 00<br \/>T\u00e9l\u00e9copie : +33 1 44 96 53 90<\/p><h4>Cr\u00e9dits<\/h4><p>Directeurs de la publication : Les directeurs et pr\u00e9sidents de l\u2019INP, CNRS, USMB, LAPTh<br \/>Directeurs de la r\u00e9daction : Bj\u00f6rn Herrmann<br \/>Informatique : Damen Monnet<br \/>H\u00e9bergeur : CNRS &#8211; LAPP\/LAPTh<\/p><h4>Cr\u00e9dit logiciels<\/h4><p>CMS: WordPress<br \/>Template: CNRS (bas\u00e9 sur le kit statique)<\/p><h4>Cr\u00e9dit photos<\/h4><p>Les images utilis\u00e9es pour la r\u00e9alisation du site Web du LAPTh proviennent des archives du laboratoire et sont la propri\u00e9t\u00e9 du CNRS. Toute copie, totale ou partielle, ne peut se faire sans l\u2019accord du laboratoire.<\/p><h4>Protection des informations nominatives<\/h4><p>Ce site Web, qui comporte des informations nominatives concernant notamment les personnels du CNRS et de ses partenaires, a fait l\u2019objet d\u2019une d\u00e9claration aupr\u00e8s de la CNIL (avis n\u00b0 650931).<\/p><p>Conform\u00e9ment \u00e0 la loi n\u00b0 78-17 du 6 janvier 1978, relative \u00e0 l\u2019Informatique, aux fichiers et aux Libert\u00e9s (articles 38, 39, 40), vous disposez d\u2019un droit d\u2019acc\u00e8s, de rectification et de suppression des donn\u00e9es vous concernant, en ligne sur ce site.<\/p><p>Pour exercer ce droit, vous pouvez vous adresser au webmaster.<\/p><h4>Conditions d\u2019utilisation<\/h4><h5>Clause de non-responsabilit\u00e9<\/h5><p>La responsabilit\u00e9 du CNRS et du LAPTh ne peut, en aucune mani\u00e8re, \u00eatre engag\u00e9e quant au contenu des informations figurant sur ce site ou aux cons\u00e9quences pouvant r\u00e9sulter de leur utilisation ou interpr\u00e9tation.<\/p><h5>Propri\u00e9t\u00e9 intellectuelle<\/h5><p>Le site du LAPTh du CNRS est une \u0153uvre de cr\u00e9ation, propri\u00e9t\u00e9 exclusive du CNRS, prot\u00e9g\u00e9 par la l\u00e9gislation fran\u00e7aise et internationale sur le droit de la propri\u00e9t\u00e9 intellectuelle.<\/p><p>Aucune reproduction ou repr\u00e9sentation ne peut \u00eatre r\u00e9alis\u00e9e en contravention avec les droits du CNRS issus de la l\u00e9gislation susvis\u00e9e.<\/p><h5>Liens hypertextes<\/h5><p>La mise en place de liens hypertextes par des tiers vers des pages ou des documents diffus\u00e9s sur le site du LAPTh du CNRS, est autoris\u00e9e sous r\u00e9serve que les liens ne contreviennent pas aux int\u00e9r\u00eats du CNRS, et, qu\u2019ils garantissent la possibilit\u00e9 pour l\u2019utilisateur d\u2019identifier l\u2019origine et l\u2019auteur du document.<\/p>\t\t\t\t\t\t\t\t<\/div>\n\t\t\t\t\t<\/div>\n\t\t<\/div>\n\t\t\t\t\t<\/div>\n\t\t<\/section>\n\t\t\t\t<\/div>\n\t\t","protected":false},"excerpt":{"rendered":"<p>Mentions l\u00e9gales et cr\u00e9dits Informations l\u00e9gales LAPTh &#8211; Laboratoire d&#8217;Annecy de Physique Th\u00e9orique 9, Chemin de BellevueBP 110F-74941 ANNECY CedexFRANCE T\u00e9l\u00e9phone : +33 (0)4 50 09 16 84 TVA : [&hellip;]<\/p>\n","protected":false},"author":1,"featured_media":0,"parent":0,"menu_order":0,"comment_status":"closed","ping_status":"closed","template":"","meta":{"_acf_changed":false,"footnotes":""},"class_list":["post-32","page","type-page","status-publish","hentry"],"acf":[],"_links":{"self":[{"href":"https:\/\/www.lapth.cnrs.fr\/en\/wp-json\/wp\/v2\/pages\/32","targetHints":{"allow":["GET"]}}],"collection":[{"href":"https:\/\/www.lapth.cnrs.fr\/en\/wp-json\/wp\/v2\/pages"}],"about":[{"href":"https:\/\/www.lapth.cnrs.fr\/en\/wp-json\/wp\/v2\/types\/page"}],"author":[{"embeddable":true,"href":"https:\/\/www.lapth.cnrs.fr\/en\/wp-json\/wp\/v2\/users\/1"}],"replies":[{"embeddable":true,"href":"https:\/\/www.lapth.cnrs.fr\/en\/wp-json\/wp\/v2\/comments?post=32"}],"version-history":[{"count":6,"href":"https:\/\/www.lapth.cnrs.fr\/en\/wp-json\/wp\/v2\/pages\/32\/revisions"}],"predecessor-version":[{"id":17538,"href":"https:\/\/www.lapth.cnrs.fr\/en\/wp-json\/wp\/v2\/pages\/32\/revisions\/17538"}],"wp:attachment":[{"href":"https:\/\/www.lapth.cnrs.fr\/en\/wp-json\/wp\/v2\/media?parent=32"}],"curies":[{"name":"wp","href":"https:\/\/api.w.org\/{rel}","templated":true}]}}