{"id":14649,"date":"2026-01-13T15:54:18","date_gmt":"2026-01-13T14:54:18","guid":{"rendered":"https:\/\/www.lapth.cnrs.fr\/?page_id=14649"},"modified":"2026-01-13T16:03:58","modified_gmt":"2026-01-13T15:03:58","slug":"what-is-theoretical-physics","status":"publish","type":"page","link":"https:\/\/www.lapth.cnrs.fr\/en\/what-is-theoretical-physics\/","title":{"rendered":"What is theoretical physics?"},"content":{"rendered":"\t\t<div data-elementor-type=\"wp-page\" data-elementor-id=\"14649\" class=\"elementor elementor-14649\" data-elementor-post-type=\"page\">\n\t\t\t\t\t\t<section class=\"elementor-section elementor-top-section elementor-element elementor-element-41fab230 elementor-section-full_width elementor-section-height-min-height elementor-section-height-default elementor-section-items-middle\" data-id=\"41fab230\" data-element_type=\"section\" data-e-type=\"section\">\n\t\t\t\t\t\t<div class=\"elementor-container elementor-column-gap-default\">\n\t\t\t\t\t<div class=\"elementor-column elementor-col-50 elementor-top-column elementor-element elementor-element-7735aa2a elementor-hidden-tablet elementor-hidden-phone\" data-id=\"7735aa2a\" data-element_type=\"column\" data-e-type=\"column\" data-settings=\"{&quot;background_background&quot;:&quot;classic&quot;}\">\n\t\t\t<div class=\"elementor-widget-wrap elementor-element-populated\">\n\t\t\t\t\t\t<div class=\"elementor-element elementor-element-4bb5dfb elementor-widget elementor-widget-spacer\" data-id=\"4bb5dfb\" data-element_type=\"widget\" data-e-type=\"widget\" data-widget_type=\"spacer.default\">\n\t\t\t\t\t\t\t<div class=\"elementor-spacer\">\n\t\t\t<div class=\"elementor-spacer-inner\"><\/div>\n\t\t<\/div>\n\t\t\t\t\t\t<\/div>\n\t\t\t\t\t<\/div>\n\t\t<\/div>\n\t\t\t\t<div class=\"elementor-column elementor-col-50 elementor-top-column elementor-element elementor-element-3fa6b348\" data-id=\"3fa6b348\" data-element_type=\"column\" data-e-type=\"column\">\n\t\t\t<div class=\"elementor-widget-wrap elementor-element-populated\">\n\t\t\t\t\t\t<section class=\"elementor-section elementor-inner-section elementor-element elementor-element-12ae5f24 elementor-section-boxed elementor-section-height-default elementor-section-height-default\" data-id=\"12ae5f24\" data-element_type=\"section\" data-e-type=\"section\">\n\t\t\t\t\t\t<div class=\"elementor-container elementor-column-gap-default\">\n\t\t\t\t\t<div class=\"elementor-column elementor-col-100 elementor-inner-column elementor-element elementor-element-1d7f125c\" data-id=\"1d7f125c\" data-element_type=\"column\" data-e-type=\"column\" data-settings=\"{&quot;background_background&quot;:&quot;classic&quot;}\">\n\t\t\t<div class=\"elementor-widget-wrap elementor-element-populated\">\n\t\t\t\t\t\t\t<\/div>\n\t\t<\/div>\n\t\t\t\t\t<\/div>\n\t\t<\/section>\n\t\t\t\t\t<\/div>\n\t\t<\/div>\n\t\t\t\t\t<\/div>\n\t\t<\/section>\n\t\t\t\t<section class=\"elementor-section elementor-top-section elementor-element elementor-element-6b7460b elementor-section-boxed elementor-section-height-default elementor-section-height-default\" data-id=\"6b7460b\" data-element_type=\"section\" data-e-type=\"section\">\n\t\t\t\t\t\t<div class=\"elementor-container elementor-column-gap-default\">\n\t\t\t\t\t<div class=\"elementor-column elementor-col-100 elementor-top-column elementor-element elementor-element-73336b1\" data-id=\"73336b1\" data-element_type=\"column\" data-e-type=\"column\">\n\t\t\t<div class=\"elementor-widget-wrap elementor-element-populated\">\n\t\t\t\t\t\t<div class=\"elementor-element elementor-element-b48cc8e elementor-widget elementor-widget-heading\" data-id=\"b48cc8e\" data-element_type=\"widget\" data-e-type=\"widget\" data-widget_type=\"heading.default\">\n\t\t\t\t\t<h2 class=\"elementor-heading-title elementor-size-default\">What is theoretical physics?<\/h2>\t\t\t\t<\/div>\n\t\t\t\t<div class=\"elementor-element elementor-element-1d03a7c elementor-widget elementor-widget-text-editor\" data-id=\"1d03a7c\" data-element_type=\"widget\" data-e-type=\"widget\" data-widget_type=\"text-editor.default\">\n\t\t\t\t\t\t\t\t\t<p>The goal of physics is to understand the phenomena that surround us. More precisely, we try to extract laws governing cause-and-effect relationships. For example, if you lift an object and then let it go, it falls downward. Physics allows us to highlight laws that describe how the object falls, its trajectory, and the time it takes to fall.<\/p><p>To do this, physics uses theories. In the case of the example above, there are several theories of gravitation \u2014 notably Newtonian gravitation and General Relativity \u2014 which describe in different ways how bodies interact with one another.<\/p><p>We call theoretical physics the sub-discipline that creates and studies these theories. All theories are expressed in a mathematical language and use mathematical tools. The part of physics that focuses on the formal aspects is called mathematical physics.<\/p>\t\t\t\t\t\t\t\t<\/div>\n\t\t\t\t\t<\/div>\n\t\t<\/div>\n\t\t\t\t\t<\/div>\n\t\t<\/section>\n\t\t\t\t<section class=\"elementor-section elementor-top-section elementor-element elementor-element-a3b6535 elementor-section-boxed elementor-section-height-default elementor-section-height-default\" data-id=\"a3b6535\" data-element_type=\"section\" data-e-type=\"section\">\n\t\t\t\t\t\t<div class=\"elementor-container elementor-column-gap-default\">\n\t\t\t\t\t<div class=\"elementor-column elementor-col-100 elementor-top-column elementor-element elementor-element-1b47754\" data-id=\"1b47754\" data-element_type=\"column\" data-e-type=\"column\">\n\t\t\t<div class=\"elementor-widget-wrap elementor-element-populated\">\n\t\t\t\t\t\t<div class=\"elementor-element elementor-element-1f9ce1f elementor-widget elementor-widget-heading\" data-id=\"1f9ce1f\" data-element_type=\"widget\" data-e-type=\"widget\" data-widget_type=\"heading.default\">\n\t\t\t\t\t<h2 class=\"elementor-heading-title elementor-size-default\">How do we know if a theory is valid?<\/h2>\t\t\t\t<\/div>\n\t\t\t\t<div class=\"elementor-element elementor-element-9d6f39e elementor-widget elementor-widget-text-editor\" data-id=\"9d6f39e\" data-element_type=\"widget\" data-e-type=\"widget\" data-widget_type=\"text-editor.default\">\n\t\t\t\t\t\t\t\t\t<p>Why are there multiple theories to describe gravitation? Before answering that question, we should first be glad that at least one exists \u2014 because there are phenomena for which we still don\u2019t have a satisfactory theory, and therefore don\u2019t understand them!<\/p><p>Going back to gravitation: the Newtonian theory was proposed in the 16\u1d57\u02b0 century and allowed us to understand the trajectories of the planets around the Sun under the influence of its gravitational pull. However, certain phenomena appeared that this theory could not satisfactorily explain (for example, some anomalies in planetary motion). It was then necessary to look for another theory, which gave rise to General Relativity.<\/p><p>It is experimentation that ultimately allows us to decide between the different theories that may be proposed to describe phenomena.<\/p>\t\t\t\t\t\t\t\t<\/div>\n\t\t\t\t<div class=\"elementor-element elementor-element-cacfba1 elementor-widget elementor-widget-heading\" data-id=\"cacfba1\" data-element_type=\"widget\" data-e-type=\"widget\" data-widget_type=\"heading.default\">\n\t\t\t\t\t<h2 class=\"elementor-heading-title elementor-size-default\">And what about the LAPTh?<\/h2>\t\t\t\t<\/div>\n\t\t\t\t<div class=\"elementor-element elementor-element-23f8585 elementor-widget elementor-widget-text-editor\" data-id=\"23f8585\" data-element_type=\"widget\" data-e-type=\"widget\" data-widget_type=\"text-editor.default\">\n\t\t\t\t\t\t\t\t\t<p>The scientific activities of the members of the LAPTh can be grouped into three major, interconnected themes:<\/p><ul><li>Mathematical physics<\/li><li>Using particle physics theories to predict or understand experimental results: phenomenology<\/li><li>Applying particle physics theories in the field of astrophysics: particle astrophysics.<\/li><\/ul>\t\t\t\t\t\t\t\t<\/div>\n\t\t\t\t\t<\/div>\n\t\t<\/div>\n\t\t\t\t\t<\/div>\n\t\t<\/section>\n\t\t\t\t<section class=\"elementor-section elementor-top-section elementor-element elementor-element-12532c0 elementor-section-boxed elementor-section-height-default elementor-section-height-default\" data-id=\"12532c0\" data-element_type=\"section\" data-e-type=\"section\">\n\t\t\t\t\t\t<div class=\"elementor-container elementor-column-gap-default\">\n\t\t\t\t\t<div class=\"elementor-column elementor-col-100 elementor-top-column elementor-element elementor-element-cb30460\" data-id=\"cb30460\" data-element_type=\"column\" data-e-type=\"column\">\n\t\t\t<div class=\"elementor-widget-wrap elementor-element-populated\">\n\t\t\t\t\t\t<div class=\"elementor-element elementor-element-f5c8e3c elementor-widget elementor-widget-heading\" data-id=\"f5c8e3c\" data-element_type=\"widget\" data-e-type=\"widget\" data-widget_type=\"heading.default\">\n\t\t\t\t\t<h2 class=\"elementor-heading-title elementor-size-default\">LAPTh documents for popularization<\/h2>\t\t\t\t<\/div>\n\t\t\t\t\t<\/div>\n\t\t<\/div>\n\t\t\t\t\t<\/div>\n\t\t<\/section>\n\t\t\t\t<section class=\"elementor-section elementor-top-section elementor-element elementor-element-65f7044 elementor-section-boxed elementor-section-height-default elementor-section-height-default\" data-id=\"65f7044\" data-element_type=\"section\" data-e-type=\"section\">\n\t\t\t\t\t\t<div class=\"elementor-container elementor-column-gap-default\">\n\t\t\t\t\t<div class=\"elementor-column elementor-col-100 elementor-top-column elementor-element elementor-element-24eb1c0\" data-id=\"24eb1c0\" data-element_type=\"column\" data-e-type=\"column\">\n\t\t\t<div class=\"elementor-widget-wrap elementor-element-populated\">\n\t\t\t\t\t\t<div class=\"elementor-element elementor-element-dfedd3c elementor-widget elementor-widget-text-editor\" data-id=\"dfedd3c\" data-element_type=\"widget\" data-e-type=\"widget\" data-widget_type=\"text-editor.default\">\n\t\t\t\t\t\t\t\t\t<p>Theoretical physics can be difficult to make accessible to the general public. Several presentations were developed collaboratively by a small group of researchers and research professors from the laboratory, with the aim of identifying the major conceptual challenges and maintaining the scientific rigor of the popularized explanations.<\/p><p>A daunting task indeed!<\/p><p>These presentations are then offered and delivered in various settings (high schools, science centers, science festivals, etc.) by several members of the group that created them.<\/p><p>Here are the visual materials for the three presentations developed, as well as the link to our <a href=\"https:\/\/www.youtube.com\/channel\/UCrvI4G9G_l_6awZaXRwI7XA\" target=\"_blank\" rel=\"noopener\">YouTube page<\/a><\/p>\t\t\t\t\t\t\t\t<\/div>\n\t\t\t\t\t<\/div>\n\t\t<\/div>\n\t\t\t\t\t<\/div>\n\t\t<\/section>\n\t\t\t\t<section class=\"elementor-section elementor-top-section elementor-element elementor-element-c6a0c7b elementor-section-boxed elementor-section-height-default elementor-section-height-default\" data-id=\"c6a0c7b\" data-element_type=\"section\" data-e-type=\"section\">\n\t\t\t\t\t\t<div class=\"elementor-container elementor-column-gap-default\">\n\t\t\t\t\t<div class=\"elementor-column elementor-col-33 elementor-top-column elementor-element elementor-element-767e41f\" data-id=\"767e41f\" data-element_type=\"column\" data-e-type=\"column\">\n\t\t\t<div class=\"elementor-widget-wrap elementor-element-populated\">\n\t\t\t\t\t\t<div class=\"elementor-element elementor-element-161c19b elementor-widget__width-initial elementor-widget elementor-widget-image\" data-id=\"161c19b\" data-element_type=\"widget\" data-e-type=\"widget\" data-widget_type=\"image.default\">\n\t\t\t\t\t\t\t\t\t\t\t\t\t\t\t<img fetchpriority=\"high\" decoding=\"async\" width=\"300\" height=\"302\" src=\"https:\/\/www.lapth.cnrs.fr\/wp-content\/uploads\/2022\/06\/elementarite-image_lapth-e1655724461711.png\" class=\"attachment-large size-large wp-image-7380\" alt=\"\" srcset=\"https:\/\/www.lapth.cnrs.fr\/wp-content\/uploads\/2022\/06\/elementarite-image_lapth-e1655724461711.png 300w, https:\/\/www.lapth.cnrs.fr\/wp-content\/uploads\/2022\/06\/elementarite-image_lapth-e1655724461711-298x300.png 298w, https:\/\/www.lapth.cnrs.fr\/wp-content\/uploads\/2022\/06\/elementarite-image_lapth-e1655724461711-150x150.png 150w\" sizes=\"(max-width: 300px) 100vw, 300px\" \/>\t\t\t\t\t\t\t\t\t\t\t\t\t\t\t<\/div>\n\t\t\t\t<div class=\"elementor-element elementor-element-353255e elementor-widget elementor-widget-heading\" data-id=\"353255e\" data-element_type=\"widget\" data-e-type=\"widget\" data-widget_type=\"heading.default\">\n\t\t\t\t\t<h4 class=\"elementor-heading-title elementor-size-default\"><a href=\"https:\/\/lapth.cnrs.fr\/images\/PDF\/vulgarisation\/elementarite.pdf\" target=\"_blank\">Des atomes aux particules et au del\u00e0: \u00e9l\u00e9mentaire, mon cher Watson !<\/a><\/h4>\t\t\t\t<\/div>\n\t\t\t\t\t<\/div>\n\t\t<\/div>\n\t\t\t\t<div class=\"elementor-column elementor-col-33 elementor-top-column elementor-element elementor-element-a17207d\" data-id=\"a17207d\" data-element_type=\"column\" data-e-type=\"column\">\n\t\t\t<div class=\"elementor-widget-wrap elementor-element-populated\">\n\t\t\t\t\t\t<div class=\"elementor-element elementor-element-943ddb6 elementor-widget elementor-widget-image\" data-id=\"943ddb6\" data-element_type=\"widget\" data-e-type=\"widget\" data-widget_type=\"image.default\">\n\t\t\t\t\t\t\t\t\t\t\t\t\t\t\t<img decoding=\"async\" width=\"260\" height=\"264\" src=\"https:\/\/www.lapth.cnrs.fr\/wp-content\/uploads\/2022\/06\/dimsup-image_lapth-1.png\" class=\"attachment-large size-large wp-image-7378\" alt=\"\" \/>\t\t\t\t\t\t\t\t\t\t\t\t\t\t\t<\/div>\n\t\t\t\t<div class=\"elementor-element elementor-element-bcc7993 elementor-widget elementor-widget-heading\" data-id=\"bcc7993\" data-element_type=\"widget\" data-e-type=\"widget\" data-widget_type=\"heading.default\">\n\t\t\t\t\t<h4 class=\"elementor-heading-title elementor-size-default\"><a href=\"https:\/\/lapth.cnrs.fr\/images\/PDF\/vulgarisation\/extradim.pdf\" target=\"_blank\">Un voyage dans l'espace et le temps : les dimensions suppl\u00e9mentaires.<\/a><\/h4>\t\t\t\t<\/div>\n\t\t\t\t\t<\/div>\n\t\t<\/div>\n\t\t\t\t<div class=\"elementor-column elementor-col-33 elementor-top-column elementor-element elementor-element-5b9d639\" data-id=\"5b9d639\" data-element_type=\"column\" data-e-type=\"column\">\n\t\t\t<div class=\"elementor-widget-wrap elementor-element-populated\">\n\t\t\t\t\t\t<div class=\"elementor-element elementor-element-3ce0416 elementor-widget elementor-widget-image\" data-id=\"3ce0416\" data-element_type=\"widget\" data-e-type=\"widget\" data-widget_type=\"image.default\">\n\t\t\t\t\t\t\t\t\t\t\t\t\t\t\t<img decoding=\"async\" width=\"436\" height=\"384\" src=\"https:\/\/www.lapth.cnrs.fr\/wp-content\/uploads\/2022\/06\/ondeetcorpuscules-image_lapth.png\" class=\"attachment-large size-large wp-image-7374\" alt=\"\" srcset=\"https:\/\/www.lapth.cnrs.fr\/wp-content\/uploads\/2022\/06\/ondeetcorpuscules-image_lapth.png 436w, https:\/\/www.lapth.cnrs.fr\/wp-content\/uploads\/2022\/06\/ondeetcorpuscules-image_lapth-300x264.png 300w\" sizes=\"(max-width: 436px) 100vw, 436px\" \/>\t\t\t\t\t\t\t\t\t\t\t\t\t\t\t<\/div>\n\t\t\t\t<div class=\"elementor-element elementor-element-608bcdf elementor-widget elementor-widget-heading\" data-id=\"608bcdf\" data-element_type=\"widget\" data-e-type=\"widget\" data-widget_type=\"heading.default\">\n\t\t\t\t\t<h4 class=\"elementor-heading-title elementor-size-default\"><a href=\"https:\/\/lapth.cnrs.fr\/images\/PDF\/vulgarisation\/photoelec.pdf\" target=\"_blank\">Grains d'onde: les deux visages de la lumi\u00e8re.<\/a><\/h4>\t\t\t\t<\/div>\n\t\t\t\t\t<\/div>\n\t\t<\/div>\n\t\t\t\t\t<\/div>\n\t\t<\/section>\n\t\t\t\t<section class=\"elementor-section elementor-top-section elementor-element elementor-element-48108c8 elementor-section-boxed elementor-section-height-default elementor-section-height-default\" data-id=\"48108c8\" data-element_type=\"section\" data-e-type=\"section\">\n\t\t\t\t\t\t<div class=\"elementor-container elementor-column-gap-default\">\n\t\t\t\t\t<div class=\"elementor-column elementor-col-100 elementor-top-column elementor-element elementor-element-2ec04a2\" data-id=\"2ec04a2\" data-element_type=\"column\" data-e-type=\"column\">\n\t\t\t<div class=\"elementor-widget-wrap elementor-element-populated\">\n\t\t\t\t\t\t<div class=\"elementor-element elementor-element-1ce5872 elementor-widget elementor-widget-heading\" data-id=\"1ce5872\" data-element_type=\"widget\" data-e-type=\"widget\" data-widget_type=\"heading.default\">\n\t\t\t\t\t<h2 class=\"elementor-heading-title elementor-size-default\">Physics for Grandma<\/h2>\t\t\t\t<\/div>\n\t\t\t\t<div class=\"elementor-element elementor-element-13f0418 elementor-widget elementor-widget-text-editor\" data-id=\"13f0418\" data-element_type=\"widget\" data-e-type=\"widget\" data-widget_type=\"text-editor.default\">\n\t\t\t\t\t\t\t\t\t<p>Starting with Einstein&#8217;s maxim, &#8220;You haven&#8217;t truly understood something until you can explain it to your grandmother,&#8221; our colleague Fran\u00e7ois Arleo and his illustrator sister, Roxane, introduce us to physics in a very playful and artistic way. How do you explain particle physics to your grandmother who has no scientific background?<\/p><p>Through a series of wonderfully illustrated books, we progress step by step into the subatomic world\u2026 Three small books have already been published:<\/p><p>Through a series of wonderfully illustrated books, we progress step by step into the subatomic world\u2026 Four small books have already been published:<\/p><p>A Soup Called Quark-Gluon Plasma<br \/>A Special Zoo<br \/>Particle Physics Runs Smoothly<br \/>SuperGaston, an Ultra-High Energy Cosmic Ray<\/p><p>In addition to these booklets, presentations are also regularly given in high schools and community centers.<\/p><p>To learn more, visit the &#8220;Physics for Grandma&#8221; page: <a href=\"http:\/\/physiquepourgrandma.blogspot.com\">http:\/\/physiquepourgrandma.blogspot.com<\/a><\/p>\t\t\t\t\t\t\t\t<\/div>\n\t\t\t\t\t<\/div>\n\t\t<\/div>\n\t\t\t\t\t<\/div>\n\t\t<\/section>\n\t\t\t\t<section class=\"elementor-section elementor-top-section elementor-element elementor-element-6ebb566 elementor-section-boxed elementor-section-height-default elementor-section-height-default\" data-id=\"6ebb566\" data-element_type=\"section\" data-e-type=\"section\">\n\t\t\t\t\t\t<div class=\"elementor-container elementor-column-gap-default\">\n\t\t\t\t\t<div class=\"elementor-column elementor-col-100 elementor-top-column elementor-element elementor-element-a4a9a20\" data-id=\"a4a9a20\" data-element_type=\"column\" data-e-type=\"column\">\n\t\t\t<div class=\"elementor-widget-wrap elementor-element-populated\">\n\t\t\t\t\t\t<div class=\"elementor-element elementor-element-1346ab1 elementor-widget elementor-widget-heading\" data-id=\"1346ab1\" data-element_type=\"widget\" data-e-type=\"widget\" data-widget_type=\"heading.default\">\n\t\t\t\t\t<h2 class=\"elementor-heading-title elementor-size-default\">Antimatter<\/h2>\t\t\t\t<\/div>\n\t\t\t\t<div class=\"elementor-element elementor-element-4557198 elementor-widget elementor-widget-text-editor\" data-id=\"4557198\" data-element_type=\"widget\" data-e-type=\"widget\" data-widget_type=\"text-editor.default\">\n\t\t\t\t\t\t\t\t\t<p>The word &#8220;antimatter&#8221; is surrounded by a certain aura of mystery and raises many questions for those curious about science. Richard Taillet has dedicated a feature to this topic on the Futura-Sciences portal <a href=\"http:\/\/www.futura-sciences.com\/\" target=\"_blank\" rel=\"noopener\">futura-sciences<\/a>.<\/p>\t\t\t\t\t\t\t\t<\/div>\n\t\t\t\t\t<\/div>\n\t\t<\/div>\n\t\t\t\t\t<\/div>\n\t\t<\/section>\n\t\t\t\t<\/div>\n\t\t","protected":false},"excerpt":{"rendered":"<p>What is theoretical physics? The goal of physics is to understand the phenomena that surround us. More precisely, we try to extract laws governing cause-and-effect relationships. For example, if you [&hellip;]<\/p>\n","protected":false},"author":3,"featured_media":0,"parent":0,"menu_order":0,"comment_status":"closed","ping_status":"closed","template":"","meta":{"_acf_changed":false,"footnotes":""},"class_list":["post-14649","page","type-page","status-publish","hentry"],"acf":[],"_links":{"self":[{"href":"https:\/\/www.lapth.cnrs.fr\/en\/wp-json\/wp\/v2\/pages\/14649","targetHints":{"allow":["GET"]}}],"collection":[{"href":"https:\/\/www.lapth.cnrs.fr\/en\/wp-json\/wp\/v2\/pages"}],"about":[{"href":"https:\/\/www.lapth.cnrs.fr\/en\/wp-json\/wp\/v2\/types\/page"}],"author":[{"embeddable":true,"href":"https:\/\/www.lapth.cnrs.fr\/en\/wp-json\/wp\/v2\/users\/3"}],"replies":[{"embeddable":true,"href":"https:\/\/www.lapth.cnrs.fr\/en\/wp-json\/wp\/v2\/comments?post=14649"}],"version-history":[{"count":4,"href":"https:\/\/www.lapth.cnrs.fr\/en\/wp-json\/wp\/v2\/pages\/14649\/revisions"}],"predecessor-version":[{"id":14653,"href":"https:\/\/www.lapth.cnrs.fr\/en\/wp-json\/wp\/v2\/pages\/14649\/revisions\/14653"}],"wp:attachment":[{"href":"https:\/\/www.lapth.cnrs.fr\/en\/wp-json\/wp\/v2\/media?parent=14649"}],"curies":[{"name":"wp","href":"https:\/\/api.w.org\/{rel}","templated":true}]}}